{"id":43018,"date":"2024-09-24T20:30:57","date_gmt":"2024-09-24T18:30:57","guid":{"rendered":"https:\/\/w-jugend.tsv-birkenau.de\/?page_id=43018"},"modified":"2024-09-24T20:30:57","modified_gmt":"2024-09-24T18:30:57","slug":"trainerinnenstab-2024-2025-der-weiblichen-handball-abteilung-des-tsv-birkenau","status":"publish","type":"page","link":"https:\/\/damenhandball.tsv-birkenau.de\/index.php\/mannschaft\/trainerinnenstab-2024-2025-der-weiblichen-handball-abteilung-des-tsv-birkenau","title":{"rendered":"Trainer:innenstab 2024\/2025 der weiblichen Handball-Abteilung des  TSV Birkenau"},"content":{"rendered":"\n<p>Das Trainer:innenteam der weiblichen Handballabteilung k\u00fcmmert sich mit aller Kraft und Einsatz um die jungen und &#8222;alten&#8220; Talente der Handballmannschaften des TSV Birkenau. <\/p>\n\n\n\n<h2 class=\"wp-block-heading\"> <em>1. Damenmannschaft<\/em><\/h2>\n\n\n\n<p>Trainer:                                                        Julius Sch\u00e4fer <br>Co-Trainer:                                                Emil Hofmann<br>Torwarttrainerin:                                   Katharina Leinert<br><br>Kontakt \u00fcber trainer-damen1@tsv-birkenau.de<\/p>\n\n\n\n<h2 class=\"wp-block-heading\"><em>1b Damenmannschaft<\/em><\/h2>\n\n\n\n<p>Trainerin:                                                    Katharina Leinert <br>Co-Trainerin:                                             Linda Sch\u00e4fer<br>Betreuer:                                                    Sabrina M\u00fclbert &amp; Stephan Peller<br><\/p>\n\n\n\n<p>Kontakt \u00fcber trainer-damen1b@tsv-birkenau.de<\/p>\n\n\n\n<h2 class=\"wp-block-heading\">Seniorinnen<\/h2>\n\n\n\n<p>Trainerin: Christiane Neber<br><br>Kontakt \u00fcber trainer-seniorinnen@tsv-birkenau.de<\/p>\n\n\n\n<h2 class=\"wp-block-heading\">A-Jugend<\/h2>\n\n\n\n<p>Trainer:                                                    Emil Hofmann<br>Co-Trainer:                                             Stefan Schmitt<\/p>\n\n\n\n<p>Kontakt \u00fcber trainer-wa-jugend@tsv-birkenau.de<\/p>\n\n\n\n<h2 class=\"wp-block-heading\">B-Jugend<\/h2>\n\n\n\n<p>Leider kann in dieser Saison keine eigene B-Jugend an den Start gehen, wir hoffen darauf, dass wir in der folgenden Saison wieder eine Mannschaft melden k\u00f6nnen<\/p>\n\n\n\n<h2 class=\"wp-block-heading\">C-Jugend<\/h2>\n\n\n\n<p>Trainer:                                                    Kai-Uwe Steinhauer<br>Co-Trainerin:                                         Neele Leonhard<\/p>\n\n\n\n<p>Kontakt \u00fcber trainer-wc-jugend@tsv-birkenau.de<\/p>\n\n\n\n<h2 class=\"wp-block-heading\"> D-Jugend<\/h2>\n\n\n\n<p>Trainerinnen:                                         Susanne Knogler und Susanne Thun-Falter<\/p>\n\n\n\n<p>Kontakt \u00fcber trainer-wd-jugend@tsv-birkenau.de<\/p>\n\n\n\n<h2 class=\"wp-block-heading\">E-Jugend<\/h2>\n\n\n\n<p>Trainerinnen:                                         Kristina Falter<\/p>\n\n\n\n<p>Kontakt \u00fcber trainer-we-jugend@tsv-birkenau.de<\/p>\n\n\n\n<h2 class=\"wp-block-heading\">Minis<\/h2>\n\n\n\n<p>Trainerinnen: Sabine Bielevelt, Vanessa Falter, Petra Hahn, Anne Hohl, Simone M\u00fcller<\/p>\n\n\n\n<p>Kontakt \u00fcber trainer-minis@tsv-birkenau.de<\/p>\n\n\n\n<h2 class=\"wp-block-heading\">Birkenauer Bewegungsschule<\/h2>\n\n\n\n<p>Trainerinnen:     Linda Martin, Miriam Hoffmann<\/p>\n","protected":false},"excerpt":{"rendered":"<p>Das Trainer:innenteam der weiblichen Handballabteilung k\u00fcmmert sich mit aller Kraft und Einsatz um die jungen und &#8222;alten&#8220; Talente der Handballmannschaften des TSV Birkenau. 1. Damenmannschaft Trainer: Julius Sch\u00e4fer Co-Trainer: Emil HofmannTorwarttrainerin: Katharina Leinert Kontakt \u00fcber trainer-damen1@tsv-birkenau.de 1b Damenmannschaft Trainerin: Katharina Leinert Co-Trainerin: Linda Sch\u00e4ferBetreuer: Sabrina M\u00fclbert &amp; Stephan Peller Kontakt \u00fcber trainer-damen1b@tsv-birkenau.de Seniorinnen Trainerin: Christiane&hellip;&nbsp;<a href=\"https:\/\/damenhandball.tsv-birkenau.de\/index.php\/mannschaft\/trainerinnenstab-2024-2025-der-weiblichen-handball-abteilung-des-tsv-birkenau\" rel=\"bookmark\">Weiterlesen &raquo;<span class=\"screen-reader-text\">Trainer:innenstab 2024\/2025 der weiblichen Handball-Abteilung des  TSV Birkenau<\/span><\/a><\/p>\n","protected":false},"author":10,"featured_media":0,"parent":291,"menu_order":0,"comment_status":"closed","ping_status":"closed","template":"","meta":{"neve_meta_sidebar":"","neve_meta_container":"","neve_meta_enable_content_width":"","neve_meta_content_width":0,"neve_meta_title_alignment":"","neve_meta_author_avatar":"","neve_post_elements_order":"","neve_meta_disable_header":"","neve_meta_disable_footer":"","neve_meta_disable_title":"","ngg_post_thumbnail":0,"footnotes":""},"class_list":["post-43018","page","type-page","status-publish","hentry"],"_links":{"self":[{"href":"https:\/\/damenhandball.tsv-birkenau.de\/index.php\/wp-json\/wp\/v2\/pages\/43018","targetHints":{"allow":["GET"]}}],"collection":[{"href":"https:\/\/damenhandball.tsv-birkenau.de\/index.php\/wp-json\/wp\/v2\/pages"}],"about":[{"href":"https:\/\/damenhandball.tsv-birkenau.de\/index.php\/wp-json\/wp\/v2\/types\/page"}],"author":[{"embeddable":true,"href":"https:\/\/damenhandball.tsv-birkenau.de\/index.php\/wp-json\/wp\/v2\/users\/10"}],"replies":[{"embeddable":true,"href":"https:\/\/damenhandball.tsv-birkenau.de\/index.php\/wp-json\/wp\/v2\/comments?post=43018"}],"version-history":[{"count":2,"href":"https:\/\/damenhandball.tsv-birkenau.de\/index.php\/wp-json\/wp\/v2\/pages\/43018\/revisions"}],"predecessor-version":[{"id":43031,"href":"https:\/\/damenhandball.tsv-birkenau.de\/index.php\/wp-json\/wp\/v2\/pages\/43018\/revisions\/43031"}],"up":[{"embeddable":true,"href":"https:\/\/damenhandball.tsv-birkenau.de\/index.php\/wp-json\/wp\/v2\/pages\/291"}],"wp:attachment":[{"href":"https:\/\/damenhandball.tsv-birkenau.de\/index.php\/wp-json\/wp\/v2\/media?parent=43018"}],"curies":[{"name":"wp","href":"https:\/\/api.w.org\/{rel}","templated":true}]}}