{"id":4,"date":"2007-08-20T12:10:48","date_gmt":"2007-08-20T11:10:48","guid":{"rendered":"http:\/\/w-jugend.tsv-birkenau.de\/index.php\/impressum"},"modified":"2024-07-25T12:25:24","modified_gmt":"2024-07-25T10:25:24","slug":"impressum","status":"publish","type":"page","link":"https:\/\/damenhandball.tsv-birkenau.de\/index.php\/info-service\/impressum","title":{"rendered":"Impressum"},"content":{"rendered":"<p><img decoding=\"async\" src=\"http:\/\/w-jugend.tsv-birkenau.de\/wp-content\/upload\/geschaftsstelle_neu.jpg\" alt=\"geschaftsstelle_neu.jpg\"><strong><br \/>\n<\/strong><\/p>\n<p><strong>Eigent\u00fcmer der Webseite<\/strong><br \/>\nTSV Birkenau e.V.<br \/>\nBergstra\u00dfe 15a<br \/>\n69488 Birkenau<br \/>\nTelefon 0 62 01-37 99 05<br \/>\nFax 0 62 01-37 99 06<br \/>\nEmail: <a href=\"mailto:info@tsv-birkenau.de\" target=\"_blank\" rel=\"noopener\">info@tsv-birkenau.de<\/a><\/p>\n<p>Amtsgericht F\u00fcrth i.Odw.<br \/>\nVereinsregister Nr. 171<\/p>\n<p><strong>Gesch\u00e4ftszeiten<br \/>\n<\/strong>Montag 08:00-12:00 Uhr<br \/>\nDienstag 08:00-12:00 Uhr<br \/>\nMittwoch 08:00-12:00 Uhr<br \/>\nDonnerstag 08:00-12:00 Uhr<br \/>\nFreitag 08:00-12:00 Uhr<\/p>\n<p><strong>Bankverbindungen<\/strong><br \/>\nSparkasse Starkenburg<br \/>\nKonto 505 011 0<br \/>\nBLZ 509 514 69<br \/>\nIBAN: DE 31 509 514 69 000 5050110<br \/>\nBIC: HELADEF1HEP<\/p>\n<p>Volksbank Weinheim<br \/>\nKonto 201 477 09<br \/>\nBLZ 670 923 00<\/p>\n<p><strong>Inhaltlich Verantwortlicher gem\u00e4\u00df \u00a75 Telemediengesetz (TMG):<\/strong><br \/>\nProf.Dr. Klaus-Dieter Hungenberg, Ortsstra\u00dfe 135, 69488 Birkenau<br \/>\nPaul B\u00f6hm, Kirchgasse 17, 69488 Birkenau<\/p>\n<p><strong>Urheberrechtsvermerk<\/strong><br \/>\nFoto &#8222;Regionalbahn&#8220;: Roland Goseberg, <a href=\"http:\/\/www.bilder-der-bahn.de\" target=\"_blank\" rel=\"noopener\">www.bilder-der-bahn.de<\/a><\/p>\n<p><strong>Schadensminderungspflicht<\/strong><br \/>\nF\u00fcr den Fall von Domainstreitigkeiten, wettbewerbsrechtlichen und\/oder \u00e4hnlichen Konflikten bitten wir um Kontaktaufnahme im Vorfeld zur Vermeidung unn\u00f6tiger Kosten und Rechtsstreitigkeiten. Eine Kostennote bei anwaltlicher Abmahnung ohne vorhergehende Kontaktaufnahme mit uns wird gem\u00e4\u00df Schadensminderungspflicht als unbegr\u00fcndet zur\u00fcckgewiesen.<\/p>\n<p><strong>Haftungsausschluss<br \/>\n<\/strong>Bei direkten oder indirekten Verweisen auf fremde Webseiten (&#8222;Hyperlinks&#8220;), die au\u00dferhalb des Verantwortungsbereiches des Autors liegen, w\u00fcrde eine Haftungsverpflichtung ausschlie\u00dflich in dem Fall in Kraft treten, in dem der Autor von den Inhalten Kenntnis hat und es ihm technisch m\u00f6glich und zumutbar w\u00e4re, die Nutzung im Falle rechtswidriger Inhalte zu verhindern.<\/p>\n<p>Der Autor erkl\u00e4rt hiermit ausdr\u00fccklich, dass zum Zeitpunkt der Linksetzung keine illegalen Inhalte auf den zu verlinkenden Seiten erkennbar waren. Auf die aktuelle und zuk\u00fcnftige Gestaltung, die Inhalte oder die Urheberschaft der verlinkten\/verkn\u00fcpften Seiten hat der Autor keinerlei Einfluss. Deshalb distanziert er sich hiermit ausdr\u00fccklich von allen Inhalten aller verlinkten\/verkn\u00fcpften Seiten, die nach der Linksetzung ver\u00e4ndert wurden. Diese Feststellung gilt f\u00fcr alle innerhalb des eigenen Internetangebotes gesetzten Links und Verweise sowie f\u00fcr Fremdeintr\u00e4ge in vom Autor eingerichteten G\u00e4steb\u00fcchern, Diskussionsforen, Linkverzeichnissen, Mailinglisten und in allen anderen Formen von Datenbanken, auf deren Inhalt externe Schreibzugriffe m\u00f6glich sind. F\u00fcr illegale, fehlerhafte oder unvollst\u00e4ndige Inhalte und insbesondere f\u00fcr Sch\u00e4den, die aus der Nutzung oder Nichtnutzung solcherart dargebotener Informationen entstehen, haftet allein der Anbieter der Seite, auf welche verwiesen wurde, nicht derjenige, der \u00fcber Links auf die jeweilige Ver\u00f6ffentlichung lediglich verweist.<\/p>\n","protected":false},"excerpt":{"rendered":"<p>Eigent\u00fcmer der Webseite TSV Birkenau e.V. Bergstra\u00dfe 15a 69488 Birkenau Telefon 0 62 01-37 99 05 Fax 0 62 01-37 99 06 Email: info@tsv-birkenau.de Amtsgericht F\u00fcrth i.Odw. Vereinsregister Nr. 171 Gesch\u00e4ftszeiten Montag 08:00-12:00 Uhr Dienstag 08:00-12:00 Uhr Mittwoch 08:00-12:00 Uhr Donnerstag 08:00-12:00 Uhr Freitag 08:00-12:00 Uhr Bankverbindungen Sparkasse Starkenburg Konto 505 011 0 BLZ 509&hellip;&nbsp;<a href=\"https:\/\/damenhandball.tsv-birkenau.de\/index.php\/info-service\/impressum\" rel=\"bookmark\">Weiterlesen &raquo;<span class=\"screen-reader-text\">Impressum<\/span><\/a><\/p>\n","protected":false},"author":1,"featured_media":0,"parent":3529,"menu_order":8,"comment_status":"closed","ping_status":"closed","template":"","meta":{"neve_meta_sidebar":"","neve_meta_container":"","neve_meta_enable_content_width":"","neve_meta_content_width":0,"neve_meta_title_alignment":"","neve_meta_author_avatar":"","neve_post_elements_order":"","neve_meta_disable_header":"","neve_meta_disable_footer":"","neve_meta_disable_title":"","ngg_post_thumbnail":0,"footnotes":""},"class_list":["post-4","page","type-page","status-publish","hentry"],"_links":{"self":[{"href":"https:\/\/damenhandball.tsv-birkenau.de\/index.php\/wp-json\/wp\/v2\/pages\/4","targetHints":{"allow":["GET"]}}],"collection":[{"href":"https:\/\/damenhandball.tsv-birkenau.de\/index.php\/wp-json\/wp\/v2\/pages"}],"about":[{"href":"https:\/\/damenhandball.tsv-birkenau.de\/index.php\/wp-json\/wp\/v2\/types\/page"}],"author":[{"embeddable":true,"href":"https:\/\/damenhandball.tsv-birkenau.de\/index.php\/wp-json\/wp\/v2\/users\/1"}],"replies":[{"embeddable":true,"href":"https:\/\/damenhandball.tsv-birkenau.de\/index.php\/wp-json\/wp\/v2\/comments?post=4"}],"version-history":[{"count":17,"href":"https:\/\/damenhandball.tsv-birkenau.de\/index.php\/wp-json\/wp\/v2\/pages\/4\/revisions"}],"predecessor-version":[{"id":43002,"href":"https:\/\/damenhandball.tsv-birkenau.de\/index.php\/wp-json\/wp\/v2\/pages\/4\/revisions\/43002"}],"up":[{"embeddable":true,"href":"https:\/\/damenhandball.tsv-birkenau.de\/index.php\/wp-json\/wp\/v2\/pages\/3529"}],"wp:attachment":[{"href":"https:\/\/damenhandball.tsv-birkenau.de\/index.php\/wp-json\/wp\/v2\/media?parent=4"}],"curies":[{"name":"wp","href":"https:\/\/api.w.org\/{rel}","templated":true}]}}