{"id":3608,"date":"2011-04-21T22:44:29","date_gmt":"2011-04-21T20:44:29","guid":{"rendered":"http:\/\/w-jugend.tsv-birkenau.de\/?page_id=3608"},"modified":"2025-03-26T13:36:09","modified_gmt":"2025-03-26T12:36:09","slug":"unsere-sponsoren","status":"publish","type":"page","link":"https:\/\/damenhandball.tsv-birkenau.de\/index.php\/sponsoring\/unsere-sponsoren","title":{"rendered":"Unsere Sponsoren"},"content":{"rendered":"\n<p>Ohne das Engagement dieser Unternehmen w\u00e4re weiblicher Handball auf unserem hohen Niveau nicht denkbar!<\/p>\n\n\n<div class=\"wp-block-image\">\n<figure class=\"aligncenter is-resized\"><img loading=\"lazy\" decoding=\"async\" width=\"288\" height=\"175\" src=\"http:\/\/w-jugend.tsv-birkenau.de\/wp-content\/upload\/Kartoffel-Ehret.jpg\" alt=\"\" class=\"wp-image-41017\" style=\"width:346px;height:210px\"\/><figcaption class=\"wp-element-caption\">                 <strong> Die Power-Kartoffel f\u00fcr unsere A-M\u00e4dels!<\/strong><\/figcaption><\/figure>\n<\/div>\n\n<div class=\"wp-block-image\">\n<figure class=\"aligncenter is-resized\"><img loading=\"lazy\" decoding=\"async\" width=\"180\" height=\"90\" src=\"http:\/\/w-jugend.tsv-birkenau.de\/wp-content\/upload\/ITM-Trockenbau.png\" alt=\"\" class=\"wp-image-41020\" style=\"width:200px;height:100px\"\/><figcaption class=\"wp-element-caption\">ITM unterst\u00fctzt unsere A-Jugend<\/figcaption><\/figure>\n<\/div>\n\n<p><a href=\"https:\/\/www.icl-group.de\/\" target=\"_blank\" rel=\"noopener\"><strong><img loading=\"lazy\" decoding=\"async\" class=\"aligncenter size-large wp-image-43499\" src=\"https:\/\/w-jugend.tsv-birkenau.de\/wp-content\/upload\/ICL_LogoNeu-1024x471.jpg\" alt=\"\" width=\"1024\" height=\"471\" srcset=\"https:\/\/damenhandball.tsv-birkenau.de\/wp-content\/upload\/ICL_LogoNeu-1024x471.jpg 1024w, https:\/\/damenhandball.tsv-birkenau.de\/wp-content\/upload\/ICL_LogoNeu-300x138.jpg 300w, https:\/\/damenhandball.tsv-birkenau.de\/wp-content\/upload\/ICL_LogoNeu-768x353.jpg 768w, https:\/\/damenhandball.tsv-birkenau.de\/wp-content\/upload\/ICL_LogoNeu-1536x706.jpg 1536w, https:\/\/damenhandball.tsv-birkenau.de\/wp-content\/upload\/ICL_LogoNeu.jpg 1599w\" sizes=\"auto, (max-width: 1024px) 100vw, 1024px\" \/><\/strong><\/a><\/p>\n<p><strong> <a href=\"http:\/\/corghi.de\/\" target=\"_blank\" rel=\"noopener noreferrer\"><img loading=\"lazy\" decoding=\"async\" class=\"alignnone size-full wp-image-29601\" style=\"border: 1px solid black;\" src=\"http:\/\/w-jugend.tsv-birkenau.de\/wp-content\/upload\/web_corghi.png\" alt=\"web_corghi\" width=\"400\" height=\"114\" srcset=\"https:\/\/damenhandball.tsv-birkenau.de\/wp-content\/upload\/web_corghi.png 400w, https:\/\/damenhandball.tsv-birkenau.de\/wp-content\/upload\/web_corghi-300x85.png 300w\" sizes=\"auto, (max-width: 400px) 100vw, 400px\" \/><\/a><br \/><\/strong><\/p>\n<p><a href=\"https:\/\/vertretung.allianz.de\/kessler.guenthel\/\" target=\"_blank\" rel=\"noopener noreferrer\"><img loading=\"lazy\" decoding=\"async\" class=\"alignnone wp-image-30156\" style=\"border: 1px solid black;\" src=\"http:\/\/w-jugend.tsv-birkenau.de\/wp-content\/upload\/Schriftzug_Allianz_OHG_blau.jpg\" alt=\"schriftzug_allianz_ohg_blau\" width=\"400\" height=\"176\" srcset=\"https:\/\/damenhandball.tsv-birkenau.de\/wp-content\/upload\/Schriftzug_Allianz_OHG_blau.jpg 1000w, https:\/\/damenhandball.tsv-birkenau.de\/wp-content\/upload\/Schriftzug_Allianz_OHG_blau-300x132.jpg 300w, https:\/\/damenhandball.tsv-birkenau.de\/wp-content\/upload\/Schriftzug_Allianz_OHG_blau-768x337.jpg 768w\" sizes=\"auto, (max-width: 400px) 100vw, 400px\" \/><\/a><\/p>\n<p><a href=\"http:\/\/www.klempnerei-schuetz.de\" target=\"_blank\" rel=\"noopener noreferrer\"><img loading=\"lazy\" decoding=\"async\" class=\"alignnone size-full wp-image-28583\" style=\"border: 1px solid black;\" src=\"http:\/\/w-jugend.tsv-birkenau.de\/wp-content\/upload\/KlempnereiSchu\u0308tz.jpg\" alt=\"KlempnereiSchu\u0308tz\" width=\"400\" height=\"173\" srcset=\"https:\/\/damenhandball.tsv-birkenau.de\/wp-content\/upload\/KlempnereiSchu\u0308tz.jpg 400w, https:\/\/damenhandball.tsv-birkenau.de\/wp-content\/upload\/KlempnereiSchu\u0308tz-300x129.jpg 300w\" sizes=\"auto, (max-width: 400px) 100vw, 400px\" \/><\/a><\/p>\n<p><a href=\"https:\/\/www.volksbank-weschnitztal.de\" target=\"_blank\" rel=\"noopener noreferrer\"><img loading=\"lazy\" decoding=\"async\" class=\"alignnone size-full wp-image-29603\" style=\"border: 1px solid black;\" src=\"http:\/\/w-jugend.tsv-birkenau.de\/wp-content\/upload\/web_VB-Weschnitztal.jpg\" alt=\"web_VB-Weschnitztal\" width=\"400\" height=\"144\" srcset=\"https:\/\/damenhandball.tsv-birkenau.de\/wp-content\/upload\/web_VB-Weschnitztal.jpg 400w, https:\/\/damenhandball.tsv-birkenau.de\/wp-content\/upload\/web_VB-Weschnitztal-300x108.jpg 300w\" sizes=\"auto, (max-width: 400px) 100vw, 400px\" \/><\/a><\/p>\n<p><a href=\"http:\/\/www.opel-joest.de\" target=\"_blank\" rel=\"noopener noreferrer\"><img loading=\"lazy\" decoding=\"async\" class=\"alignnone size-full wp-image-18765\" style=\"border: 1px solid black;\" src=\"http:\/\/w-jugend.tsv-birkenau.de\/wp-content\/upload\/opel_hyundai.png\" alt=\"opel_hyundai\" width=\"400\" height=\"218\" srcset=\"https:\/\/damenhandball.tsv-birkenau.de\/wp-content\/upload\/opel_hyundai.png 400w, https:\/\/damenhandball.tsv-birkenau.de\/wp-content\/upload\/opel_hyundai-300x163.png 300w\" sizes=\"auto, (max-width: 400px) 100vw, 400px\" \/><\/a><\/p>\n<p><strong><a href=\"http:\/\/www.baugeraetecenter.de\" target=\"_blank\" rel=\"noopener noreferrer\"><img loading=\"lazy\" decoding=\"async\" class=\"alignnone size-full wp-image-18810\" style=\"border: 1px solid black;\" src=\"http:\/\/w-jugend.tsv-birkenau.de\/wp-content\/upload\/Baugera\u0308teCenter-Carlo.png\" alt=\"Baugera\u0308teCenter-Carlo\" width=\"400\" height=\"202\" srcset=\"https:\/\/damenhandball.tsv-birkenau.de\/wp-content\/upload\/Baugera\u0308teCenter-Carlo.png 400w, https:\/\/damenhandball.tsv-birkenau.de\/wp-content\/upload\/Baugera\u0308teCenter-Carlo-300x151.png 300w\" sizes=\"auto, (max-width: 400px) 100vw, 400px\" \/><\/a><\/strong><\/p>\n<p><strong><a href=\"http:\/\/adrian-feiernmitstil.de\/\" target=\"_blank\" rel=\"noopener noreferrer\"><img loading=\"lazy\" decoding=\"async\" class=\"alignnone size-full wp-image-20075\" style=\"border: 1px solid black;\" src=\"http:\/\/w-jugend.tsv-birkenau.de\/wp-content\/upload\/blumenadrian.png\" alt=\"blumenadrian\" width=\"400\" height=\"208\" srcset=\"https:\/\/damenhandball.tsv-birkenau.de\/wp-content\/upload\/blumenadrian.png 400w, https:\/\/damenhandball.tsv-birkenau.de\/wp-content\/upload\/blumenadrian-300x156.png 300w\" sizes=\"auto, (max-width: 400px) 100vw, 400px\" \/><\/a><br \/><\/strong><\/p>\n<p><a href=\"http:\/\/w-jugend.tsv-birkenau.de\/wp-content\/upload\/sport-hambrecht.jpg\"><img loading=\"lazy\" decoding=\"async\" class=\"alignnone size-full wp-image-33182\" src=\"http:\/\/w-jugend.tsv-birkenau.de\/wp-content\/upload\/sport-hambrecht.jpg\" alt=\"\" width=\"375\" height=\"134\" srcset=\"https:\/\/damenhandball.tsv-birkenau.de\/wp-content\/upload\/sport-hambrecht.jpg 375w, https:\/\/damenhandball.tsv-birkenau.de\/wp-content\/upload\/sport-hambrecht-300x107.jpg 300w\" sizes=\"auto, (max-width: 375px) 100vw, 375px\" \/><\/a><\/p>\n<p><a href=\"http:\/\/www.chris-haarmoden.de\/\" target=\"_blank\" rel=\"noopener noreferrer\"><img loading=\"lazy\" decoding=\"async\" class=\"alignnone size-full wp-image-5282\" style=\"border: 1px solid black;\" title=\"logo_chishaarmoden\" src=\"http:\/\/w-jugend.tsv-birkenau.de\/wp-content\/upload\/logo_chishaarmoden.png\" alt=\"logo_chishaarmoden\" width=\"400\" height=\"189\" srcset=\"https:\/\/damenhandball.tsv-birkenau.de\/wp-content\/upload\/logo_chishaarmoden.png 400w, https:\/\/damenhandball.tsv-birkenau.de\/wp-content\/upload\/logo_chishaarmoden-300x141.png 300w\" sizes=\"auto, (max-width: 400px) 100vw, 400px\" \/><\/a><\/p>\n<p><a href=\"http:\/\/www.fit4drive.de\/\" target=\"_blank\" rel=\"noopener noreferrer\"><img loading=\"lazy\" decoding=\"async\" class=\"alignnone size-full wp-image-5283\" style=\"border: 1px solid black;\" title=\"logo_ferger\" src=\"http:\/\/w-jugend.tsv-birkenau.de\/wp-content\/upload\/logo_ferger.png\" alt=\"logo_ferger\" width=\"400\" height=\"207\" srcset=\"https:\/\/damenhandball.tsv-birkenau.de\/wp-content\/upload\/logo_ferger.png 400w, https:\/\/damenhandball.tsv-birkenau.de\/wp-content\/upload\/logo_ferger-300x155.png 300w\" sizes=\"auto, (max-width: 400px) 100vw, 400px\" \/><\/a><\/p>\n<p><a href=\"http:\/\/fahrschule-goelz.de\/start\/news\/index.php\" target=\"_blank\" rel=\"noopener noreferrer\"><img loading=\"lazy\" decoding=\"async\" class=\"alignnone size-full wp-image-5284\" style=\"border: 1px solid black;\" title=\"logo_golz\" src=\"http:\/\/w-jugend.tsv-birkenau.de\/wp-content\/upload\/logo_golz.png\" alt=\"logo_golz\" width=\"400\" height=\"134\" srcset=\"https:\/\/damenhandball.tsv-birkenau.de\/wp-content\/upload\/logo_golz.png 400w, https:\/\/damenhandball.tsv-birkenau.de\/wp-content\/upload\/logo_golz-300x100.png 300w\" sizes=\"auto, (max-width: 400px) 100vw, 400px\" \/><\/a><\/p>\n<p><a href=\"http:\/\/www.ruetgers.com\/\" target=\"_blank\" rel=\"noopener noreferrer\"><img loading=\"lazy\" decoding=\"async\" class=\"alignnone size-full wp-image-5285\" style=\"border: 1px solid black;\" title=\"logo_rutgers\" src=\"http:\/\/w-jugend.tsv-birkenau.de\/wp-content\/upload\/logo_rutgers.png\" alt=\"logo_rutgers\" width=\"400\" height=\"157\" srcset=\"https:\/\/damenhandball.tsv-birkenau.de\/wp-content\/upload\/logo_rutgers.png 400w, https:\/\/damenhandball.tsv-birkenau.de\/wp-content\/upload\/logo_rutgers-300x117.png 300w\" sizes=\"auto, (max-width: 400px) 100vw, 400px\" \/><\/a><\/p>\n<p><img loading=\"lazy\" decoding=\"async\" class=\"alignnone size-full wp-image-5286\" style=\"border: 1px solid black;\" title=\"logo_scheuermann\" src=\"http:\/\/w-jugend.tsv-birkenau.de\/wp-content\/upload\/logo_scheuermann.png\" alt=\"logo_scheuermann\" width=\"400\" height=\"100\" srcset=\"https:\/\/damenhandball.tsv-birkenau.de\/wp-content\/upload\/logo_scheuermann.png 400w, https:\/\/damenhandball.tsv-birkenau.de\/wp-content\/upload\/logo_scheuermann-300x75.png 300w\" sizes=\"auto, (max-width: 400px) 100vw, 400px\" \/><\/p>\n<p><strong>Weiter wird die Handballabteilung unterst\u00fctzt von:<\/strong><br \/>Blumen Adrian, Physio Fey + Fey Massagepraxis, B\u00e4ckerei Kadel, Elektro Kadel, Farben La\u00dflop, Odenw\u00e4lder Baumaschinen, B\u00e4ckerei Tritsch, Malermeister Winterbauer GmbH, Reisedienst Maier, Sparkasse Starkenburg, Volksbank Weinheim eG, Volksbank Weschnitztal, VITAwass &#8211; Rainer Diehm.<\/p>\n<p><a href=\"http:\/\/w-jugend.tsv-birkenau.de\/index.php\/sponsoring\" target=\"_self\" rel=\"noopener noreferrer\">Wenn auch Sie zu unseren Sponsoren geh\u00f6ren m\u00f6chten,<br \/>informieren wir Sie gerne<\/a>.<\/p>","protected":false},"excerpt":{"rendered":"<p>Ohne das Engagement dieser Unternehmen w\u00e4re weiblicher Handball auf unserem hohen Niveau nicht denkbar! Weiter wird die Handballabteilung unterst\u00fctzt von:Blumen Adrian, Physio Fey + Fey Massagepraxis, B\u00e4ckerei Kadel, Elektro Kadel, Farben La\u00dflop, Odenw\u00e4lder Baumaschinen, B\u00e4ckerei Tritsch, Malermeister Winterbauer GmbH, Reisedienst Maier, Sparkasse Starkenburg, Volksbank Weinheim eG, Volksbank Weschnitztal, VITAwass &#8211; Rainer Diehm. Wenn auch Sie&hellip;&nbsp;<a href=\"https:\/\/damenhandball.tsv-birkenau.de\/index.php\/sponsoring\/unsere-sponsoren\" rel=\"bookmark\">Weiterlesen &raquo;<span class=\"screen-reader-text\">Unsere Sponsoren<\/span><\/a><\/p>\n","protected":false},"author":1,"featured_media":0,"parent":3602,"menu_order":0,"comment_status":"closed","ping_status":"closed","template":"","meta":{"neve_meta_sidebar":"","neve_meta_container":"","neve_meta_enable_content_width":"","neve_meta_content_width":0,"neve_meta_title_alignment":"","neve_meta_author_avatar":"","neve_post_elements_order":"","neve_meta_disable_header":"","neve_meta_disable_footer":"","neve_meta_disable_title":"","ngg_post_thumbnail":0,"footnotes":""},"class_list":["post-3608","page","type-page","status-publish","hentry"],"_links":{"self":[{"href":"https:\/\/damenhandball.tsv-birkenau.de\/index.php\/wp-json\/wp\/v2\/pages\/3608","targetHints":{"allow":["GET"]}}],"collection":[{"href":"https:\/\/damenhandball.tsv-birkenau.de\/index.php\/wp-json\/wp\/v2\/pages"}],"about":[{"href":"https:\/\/damenhandball.tsv-birkenau.de\/index.php\/wp-json\/wp\/v2\/types\/page"}],"author":[{"embeddable":true,"href":"https:\/\/damenhandball.tsv-birkenau.de\/index.php\/wp-json\/wp\/v2\/users\/1"}],"replies":[{"embeddable":true,"href":"https:\/\/damenhandball.tsv-birkenau.de\/index.php\/wp-json\/wp\/v2\/comments?post=3608"}],"version-history":[{"count":55,"href":"https:\/\/damenhandball.tsv-birkenau.de\/index.php\/wp-json\/wp\/v2\/pages\/3608\/revisions"}],"predecessor-version":[{"id":43502,"href":"https:\/\/damenhandball.tsv-birkenau.de\/index.php\/wp-json\/wp\/v2\/pages\/3608\/revisions\/43502"}],"up":[{"embeddable":true,"href":"https:\/\/damenhandball.tsv-birkenau.de\/index.php\/wp-json\/wp\/v2\/pages\/3602"}],"wp:attachment":[{"href":"https:\/\/damenhandball.tsv-birkenau.de\/index.php\/wp-json\/wp\/v2\/media?parent=3608"}],"curies":[{"name":"wp","href":"https:\/\/api.w.org\/{rel}","templated":true}]}}