{"id":32817,"date":"2017-10-16T14:15:32","date_gmt":"2017-10-16T12:15:32","guid":{"rendered":"http:\/\/w-jugend.tsv-birkenau.de\/?page_id=32817"},"modified":"2025-12-17T14:22:39","modified_gmt":"2025-12-17T13:22:39","slug":"bestellungen-bei-hambrecht","status":"publish","type":"page","link":"https:\/\/damenhandball.tsv-birkenau.de\/index.php\/info-service\/bestellungen-bei-hambrecht","title":{"rendered":"Bestellungen bei Absolute Teamsport Rausch"},"content":{"rendered":"<p><a href=\"http:\/\/w-jugend.tsv-birkenau.de\/wp-content\/upload\/Sport_Hambrecht_Logo.png\">&nbsp;<img decoding=\"async\" src=\"https:\/\/w-jugend.tsv-birkenau.de\/wp-content\/upload\/26689b_0078e4a17a93464d9fdb8e8b1eb3d73bmv2.png\"><\/a><\/p>\n<p>Die weibliche Abteilung hat eine&nbsp; Kooperation mit dem Ausr\u00fcster Absolute Teamsport Rauscht und kann somit auch zuk\u00fcnftig den Mitgliedern der weiblichen Handballabteilung besondere Konditionen anbieten.<\/p>\n<p>Um eine Bestellung zu t\u00e4tigen, bitte das <a href=\"https:\/\/docs.google.com\/spreadsheet\/viewform?formkey=dF9kd0U5Q1h0ekZWNmw1YmhGQk9ab1E6MQ\" target=\"_blank\" rel=\"noopener noreferrer\">Online-Formular<\/a> ausf\u00fcllen.<\/p>\n<p><strong>WICHTIG: <\/strong>Bei einer Bestellung bitte die Originalartikel-Nummer aus den unten aufgef\u00fchrten Katalogen verwenden und nicht die Artikelnummer von einem externen Versandhaus (z.B. OTTO.de).<\/p>\n<p>Ab<strong> 01.01.2025 werden generell 7,50 \u20ac Versandkosten berechnet unabh\u00e4ngig von der Bestellh\u00f6he.<\/strong> Diese Versandkosten m\u00fcssen wir an die Besteller leider weiter geben. Bei mehreren Bestellern teilen wir diese Kosten entsprechend auf.<\/p>\n<p>Den <strong>Erima Katalog <\/strong>findet ihr&nbsp;<a href=\"https:\/\/app.box.com\/s\/0xf2a28c9c97ovrmlejvuabheh1n9u88\" target=\"_blank\" rel=\"noopener\">hier.<\/a><\/p>\n<p>Bitte um Beachtung, dass der Download des Katalogs eine gewissen Zeit in Anspruch nehmen kann. Unter Umst\u00e4nden wird auf die Homepage des jeweiligen Hersteller weitergeleitet.<\/p>\n<p>Eventuell muss der Adobe Flash Player zugelassen werden die Seite zu \u00f6ffnen.<\/p>\n<p>Auf Teamsportartikel bekommen wir gute Rabatte.<\/p>\n<p>Schuhe bitte generell bei Sport Hambrecht anprobieren und kaufen; auch im Gesch\u00e4ft gibt es diesen Rabatt, nur bitte Verein nennen.<\/p>\n<p>F\u00fcr R\u00fcckfragen steht Elke Lasslop \u00fcber <a href=\"mailto:farben.lasslop@gmx.de\" target=\"_blank\" rel=\"noopener noreferrer\">farben.lasslop@gmx.de<\/a>&nbsp;jederzeit zur Verf\u00fcgung. Sie gibt dann auch Auskunft \u00fcber den aktuellen Bestellstatus und k\u00fcmmert sich um die Abwicklung der Bezahlung.<\/p>\n\n\n<p><\/p>\n","protected":false},"excerpt":{"rendered":"<p>&nbsp; Die weibliche Abteilung hat eine&nbsp; Kooperation mit dem Ausr\u00fcster Absolute Teamsport Rauscht und kann somit auch zuk\u00fcnftig den Mitgliedern der weiblichen Handballabteilung besondere Konditionen anbieten. Um eine Bestellung zu t\u00e4tigen, bitte das Online-Formular ausf\u00fcllen. WICHTIG: Bei einer Bestellung bitte die Originalartikel-Nummer aus den unten aufgef\u00fchrten Katalogen verwenden und nicht die Artikelnummer von einem externen&hellip;&nbsp;<a href=\"https:\/\/damenhandball.tsv-birkenau.de\/index.php\/info-service\/bestellungen-bei-hambrecht\" rel=\"bookmark\">Weiterlesen &raquo;<span class=\"screen-reader-text\">Bestellungen bei Absolute Teamsport Rausch<\/span><\/a><\/p>\n","protected":false},"author":17,"featured_media":0,"parent":3529,"menu_order":0,"comment_status":"closed","ping_status":"closed","template":"","meta":{"neve_meta_sidebar":"","neve_meta_container":"","neve_meta_enable_content_width":"","neve_meta_content_width":0,"neve_meta_title_alignment":"","neve_meta_author_avatar":"","neve_post_elements_order":"","neve_meta_disable_header":"","neve_meta_disable_footer":"","neve_meta_disable_title":"","ngg_post_thumbnail":0,"footnotes":""},"class_list":["post-32817","page","type-page","status-publish","hentry"],"_links":{"self":[{"href":"https:\/\/damenhandball.tsv-birkenau.de\/index.php\/wp-json\/wp\/v2\/pages\/32817","targetHints":{"allow":["GET"]}}],"collection":[{"href":"https:\/\/damenhandball.tsv-birkenau.de\/index.php\/wp-json\/wp\/v2\/pages"}],"about":[{"href":"https:\/\/damenhandball.tsv-birkenau.de\/index.php\/wp-json\/wp\/v2\/types\/page"}],"author":[{"embeddable":true,"href":"https:\/\/damenhandball.tsv-birkenau.de\/index.php\/wp-json\/wp\/v2\/users\/17"}],"replies":[{"embeddable":true,"href":"https:\/\/damenhandball.tsv-birkenau.de\/index.php\/wp-json\/wp\/v2\/comments?post=32817"}],"version-history":[{"count":45,"href":"https:\/\/damenhandball.tsv-birkenau.de\/index.php\/wp-json\/wp\/v2\/pages\/32817\/revisions"}],"predecessor-version":[{"id":43846,"href":"https:\/\/damenhandball.tsv-birkenau.de\/index.php\/wp-json\/wp\/v2\/pages\/32817\/revisions\/43846"}],"up":[{"embeddable":true,"href":"https:\/\/damenhandball.tsv-birkenau.de\/index.php\/wp-json\/wp\/v2\/pages\/3529"}],"wp:attachment":[{"href":"https:\/\/damenhandball.tsv-birkenau.de\/index.php\/wp-json\/wp\/v2\/media?parent=32817"}],"curies":[{"name":"wp","href":"https:\/\/api.w.org\/{rel}","templated":true}]}}