{"id":291,"date":"2007-09-21T15:59:32","date_gmt":"2007-09-21T13:59:32","guid":{"rendered":"http:\/\/w-jugend.tsv-birkenau.de\/index.php\/mannschaft"},"modified":"2024-10-08T10:52:57","modified_gmt":"2024-10-08T08:52:57","slug":"mannschaft","status":"publish","type":"page","link":"https:\/\/damenhandball.tsv-birkenau.de\/index.php\/mannschaft","title":{"rendered":"Mannschaften"},"content":{"rendered":"<p><strong><a href=\"http:\/\/w-jugend.tsv-birkenau.de\/index.php\/archives\/category\/mannschaft\/a-jugend-3\"><img decoding=\"async\" src=\"http:\/\/w-jugend.tsv-birkenau.de\/wp-content\/upload\/a_jugend1.jpg\" alt=\"a_jugend1.jpg\" \/><\/a><\/strong><\/p>\n<p><strong>INFORMATIONEN \u00dcBER UNSERE A-JUGEND<br \/>\n<\/strong>Aufgabendifferenzierung &amp; Ausbildung von &#8222;Spielertypen&#8220; &amp; ein gezieltes athletisches Aufbautraining stehen im Vordergrund. Gegnerorientierte taktische Variationen &amp; Anpassung individueller Spielerprofile f\u00fcr ein taktisches Spielkonzept haben Priorit\u00e4t.<\/p>\n<p>Die A-Jugend spielt in der Badenliga. \/\/ <a href=\"http:\/\/w-jugend.tsv-birkenau.de\/index.php\/archives\/category\/mannschaft\/a-jugend-3\">zur A-Jugend<\/a><br \/>\n<img loading=\"lazy\" decoding=\"async\" src=\"http:\/\/w-jugend.tsv-birkenau.de\/wp-content\/upload\/linie.jpg\" alt=\"linie\" width=\"380\" height=\"30\" \/><br \/>\n<a href=\"http:\/\/w-jugend.tsv-birkenau.de\/index.php\/archives\/category\/mannschaft\/b-jugend-3\"><img decoding=\"async\" src=\"http:\/\/w-jugend.tsv-birkenau.de\/wp-content\/upload\/web_b_jugend.jpg\" alt=\"web_b_jugend.jpg\" \/><br \/>\n<\/a><\/p>\n<p><strong>INFORMATIONEN \u00dcBER UNSERE B-JUGEND<br \/>\n<\/strong>Das Augenmerk liegt auf der Positionsspezialisierung &amp; der handballspezifischen Kr\u00e4ftigung der Spielerinnen. Offensive &amp; defensive Alternativformationen, komplexere taktische Ausl\u00f6sehandlungen &amp; Tempospiel werden umgesetzt.<\/p>\n<p>Die B-Jugend spielt in der Oberliga. \/\/ <a href=\"http:\/\/w-jugend.tsv-birkenau.de\/index.php\/archives\/category\/mannschaft\/b-jugend-3\">zur B-Jugend<br \/>\n<\/a> <img loading=\"lazy\" decoding=\"async\" src=\"http:\/\/w-jugend.tsv-birkenau.de\/wp-content\/upload\/linie.jpg\" alt=\"linie\" width=\"380\" height=\"30\" \/><br \/>\n<strong><a href=\"http:\/\/w-jugend.tsv-birkenau.de\/index.php\/archives\/category\/mannschaft\/c-jugend-3\"><img decoding=\"async\" src=\"http:\/\/w-jugend.tsv-birkenau.de\/wp-content\/upload\/c_jugend.jpg\" alt=\"c_jugend.jpg\" \/><\/a><\/strong><\/p>\n<p><strong>INFORMATIONEN \u00dcBER UNSERE C-JUGEND<br \/>\n<\/strong>In der C-Jugend legen wir Wert auf Positionsvariabilt\u00e4t &amp; Handlungsschnelligkeit. Ballbezogene offensivaktive Formations\u00e4nderungen &amp; dynamisches Positionswechselspiel stellen die Hauptaufgabe dar.<\/p>\n<p>Die C-Jugend spielt derzeit in der Talentliga. \/\/ <a href=\"http:\/\/w-jugend.tsv-birkenau.de\/index.php\/archives\/category\/mannschaft\/c-jugend-3\">zur C-Jugend<\/a><br \/>\n<img loading=\"lazy\" decoding=\"async\" src=\"http:\/\/w-jugend.tsv-birkenau.de\/wp-content\/upload\/linie.jpg\" alt=\"linie\" width=\"380\" height=\"30\" \/><br \/>\n<strong><a href=\"http:\/\/w-jugend.tsv-birkenau.de\/index.php\/archives\/category\/mannschaft\/d-jugend-3\"><img decoding=\"async\" src=\"http:\/\/w-jugend.tsv-birkenau.de\/wp-content\/upload\/d_jugend.jpg\" alt=\"d_jugend.jpg\" \/><\/a><\/strong><\/p>\n<p><strong>INFORMATIONEN \u00dcBER UNSERE D-JUGEND<br \/>\n<\/strong>Das Hauptaugenmerk der Ausbildung in der D-Jugend liegt besonders auf der Ganzk\u00f6rperstabilisation &amp; Aktionsvariabilit\u00e4t. Grundlegend ist hierbei der \u00dcbergang von der mann- zur raumorientierten Spielweise, sowie die Einf\u00fchrung von Grundformen des kooperativen Spiels in Kleingruppen.<br \/>\n\/\/ <a href=\"http:\/\/w-jugend.tsv-birkenau.de\/index.php\/archives\/category\/mannschaft\/d-jugend-3\">zur D-Jugend<\/a><br \/>\n<img loading=\"lazy\" decoding=\"async\" src=\"http:\/\/w-jugend.tsv-birkenau.de\/wp-content\/upload\/linie.jpg\" alt=\"linie\" width=\"380\" height=\"30\" \/><br \/>\n<a href=\"http:\/\/w-jugend.tsv-birkenau.de\/index.php\/archives\/category\/mannschaft\/e-jugend-3\"><img decoding=\"async\" src=\"http:\/\/w-jugend.tsv-birkenau.de\/wp-content\/upload\/e_jugend.jpg\" alt=\"e_jugend.jpg\" \/><\/a><\/p>\n<p><strong>INFORMATIONEN \u00dcBER UNSERE E-JUGEND<br \/>\n<\/strong>Bei der E-Jugend steht die motorische &amp; koordinative Grundausbildung im Vordergrund. Dies bedeutet vielseitiges &amp; sportart\u00fcbergreifendes Training, bei dem der Spa\u00df am Spiel an erster Stelle steht. Priorit\u00e4t hat das Spiel &#8222;1 gegen 1&#8220; &#8211; mit und ohne Ball. \/\/ <a href=\"http:\/\/w-jugend.tsv-birkenau.de\/index.php\/archives\/category\/mannschaft\/e-jugend-3\">zur E-Jugend<\/a><\/p>\n","protected":false},"excerpt":{"rendered":"<p>INFORMATIONEN \u00dcBER UNSERE A-JUGEND Aufgabendifferenzierung &amp; Ausbildung von &#8222;Spielertypen&#8220; &amp; ein gezieltes athletisches Aufbautraining stehen im Vordergrund. Gegnerorientierte taktische Variationen &amp; Anpassung individueller Spielerprofile f\u00fcr ein taktisches Spielkonzept haben Priorit\u00e4t. Die A-Jugend spielt in der Badenliga. \/\/ zur A-Jugend INFORMATIONEN \u00dcBER UNSERE B-JUGEND Das Augenmerk liegt auf der Positionsspezialisierung &amp; der handballspezifischen Kr\u00e4ftigung der Spielerinnen.&hellip;&nbsp;<a href=\"https:\/\/damenhandball.tsv-birkenau.de\/index.php\/mannschaft\" rel=\"bookmark\">Weiterlesen &raquo;<span class=\"screen-reader-text\">Mannschaften<\/span><\/a><\/p>\n","protected":false},"author":1,"featured_media":0,"parent":0,"menu_order":4,"comment_status":"closed","ping_status":"open","template":"","meta":{"neve_meta_sidebar":"","neve_meta_container":"","neve_meta_enable_content_width":"","neve_meta_content_width":0,"neve_meta_title_alignment":"","neve_meta_author_avatar":"","neve_post_elements_order":"","neve_meta_disable_header":"","neve_meta_disable_footer":"","neve_meta_disable_title":"","ngg_post_thumbnail":0,"footnotes":""},"class_list":["post-291","page","type-page","status-publish","hentry"],"_links":{"self":[{"href":"https:\/\/damenhandball.tsv-birkenau.de\/index.php\/wp-json\/wp\/v2\/pages\/291","targetHints":{"allow":["GET"]}}],"collection":[{"href":"https:\/\/damenhandball.tsv-birkenau.de\/index.php\/wp-json\/wp\/v2\/pages"}],"about":[{"href":"https:\/\/damenhandball.tsv-birkenau.de\/index.php\/wp-json\/wp\/v2\/types\/page"}],"author":[{"embeddable":true,"href":"https:\/\/damenhandball.tsv-birkenau.de\/index.php\/wp-json\/wp\/v2\/users\/1"}],"replies":[{"embeddable":true,"href":"https:\/\/damenhandball.tsv-birkenau.de\/index.php\/wp-json\/wp\/v2\/comments?post=291"}],"version-history":[{"count":3,"href":"https:\/\/damenhandball.tsv-birkenau.de\/index.php\/wp-json\/wp\/v2\/pages\/291\/revisions"}],"predecessor-version":[{"id":41023,"href":"https:\/\/damenhandball.tsv-birkenau.de\/index.php\/wp-json\/wp\/v2\/pages\/291\/revisions\/41023"}],"wp:attachment":[{"href":"https:\/\/damenhandball.tsv-birkenau.de\/index.php\/wp-json\/wp\/v2\/media?parent=291"}],"curies":[{"name":"wp","href":"https:\/\/api.w.org\/{rel}","templated":true}]}}