{"id":1154,"date":"2008-08-20T11:55:09","date_gmt":"2008-08-20T09:55:09","guid":{"rendered":"http:\/\/w-jugend.tsv-birkenau.de\/index.php\/anfahrt"},"modified":"2012-08-01T09:38:31","modified_gmt":"2012-08-01T07:38:31","slug":"anfahrt","status":"publish","type":"page","link":"https:\/\/damenhandball.tsv-birkenau.de\/index.php\/info-service\/anfahrt","title":{"rendered":"Anfahrt"},"content":{"rendered":"<p><strong>DER WEG MIT DEM AUTO ZUR LANGENBERGHALLE<\/strong><\/p>\n<p>Von der A5 (zwischen Frankfurt und Heidelberg) an der Abfahrt &#8222;Weinheim&#8220; abfahren und in Richtung &#8222;F\u00fcrth (Odw.)&#8220; fahren. Nach Birkenau f\u00fchrt der schnellste Weg durch den Saukopftunnel. Direkt nach dem Tunnel die Abfahrt &#8222;Birkenau&#8220; nehmen und nach der gro\u00dfen Kurve an der Ampel links abbiegen. Der 60er- und sp\u00e4ter 30er-Zone bis zur Hauptstra\u00dfe folgen. Dort links abbiegen und der Hauptstra\u00dfe bis zur Sparkasse (links) und Volksbank (rechts) folgen. An der n\u00e4chsten gro\u00dfen Ampelkreuzung rechts abbiegen. \u00dcber die Br\u00fccke fahren und der Beschilderung &#8222;Langenberghalle&#8220; bzw. &#8222;Langenbergschule&#8220; folgen.<\/p>\n<p><a href=\"http:\/\/maps.google.com\/maps\/ms?msa=0&amp;msid=117615078224540550332.00000112d2fc599c0ed13&amp;om=1&amp;ie=UTF8&amp;ll=49.567032,8.70615&amp;spn=0.040024,0.079823&amp;z=14\" target=\"_blank\">Zum \u00dcbersichtsplan per Luftbild<\/a>.<\/p>\n<p><strong>Die genaue Adresse der Halle f\u00fcr das Navigationssystem:<\/strong><br \/>\nLangenberghalle &#8211; Bergstra\u00dfe 17 &#8211; 69488 Birkenau<br \/>\n<img loading=\"lazy\" decoding=\"async\" src=\"http:\/\/w-jugend.tsv-birkenau.de\/wp-content\/upload\/linie.jpg\" alt=\"linie\" width=\"380\" height=\"30\" \/><\/p>\n<p><strong>ZUGVERBINDUNGEN NACH UND VON BIRKENAU<\/strong><\/p>\n<p><img loading=\"lazy\" decoding=\"async\" class=\"alignnone size-full wp-image-12482\" title=\"Foto &quot;Regionalbahn&quot;: Roland Goseberg, www.bilder-der-bahn.de\" src=\"http:\/\/w-jugend.tsv-birkenau.de\/wp-content\/upload\/web_anfahrt.jpg\" alt=\"Foto &quot;Regionalbahn&quot;: Roland Goseberg, www.bilder-der-bahn.de\" width=\"400\" height=\"114\" srcset=\"https:\/\/damenhandball.tsv-birkenau.de\/wp-content\/upload\/web_anfahrt.jpg 400w, https:\/\/damenhandball.tsv-birkenau.de\/wp-content\/upload\/web_anfahrt-300x85.jpg 300w\" sizes=\"auto, (max-width: 400px) 100vw, 400px\" \/><\/p>\n<p>Vom Birkenauer Bahnhof sind es knapp 5 Minuten Fu\u00dfweg zur Halle.<\/p>\n<table width=\"400\" border=\"0\" cellspacing=\"0\" cellpadding=\"0\">\n<tbody>\n<tr>\n<td width=\"121\" height=\"18\"><strong>HINFAHRT<\/strong><\/td>\n<td width=\"40\" height=\"18\"><\/td>\n<td width=\"40\" height=\"18\"><\/td>\n<td width=\"40\" height=\"18\"><\/td>\n<td width=\"40\" height=\"18\"><\/td>\n<td width=\"40\" height=\"18\"><\/td>\n<\/tr>\n<tr>\n<td height=\"18\">Heidelberg (Hbf.)\/<\/td>\n<td height=\"18\">\n<p align=\"left\">.\/.<\/p>\n<\/td>\n<td height=\"18\"><\/td>\n<td height=\"18\">16:21<\/td>\n<td height=\"18\">.\/.<\/td>\n<td height=\"18\">18:21<\/td>\n<\/tr>\n<tr>\n<td height=\"18\">Mannheim (Hbf.)<\/td>\n<td height=\"18\">14:44<\/td>\n<td height=\"18\"><\/td>\n<td height=\"18\">.\/.<\/td>\n<td height=\"18\">16:44<\/td>\n<td height=\"18\">.\/.<\/td>\n<\/tr>\n<tr>\n<td height=\"18\">Gro\u00dfs.\/Heddesheim<\/td>\n<td width=\"40\" height=\"18\">15:03<\/td>\n<td width=\"40\" height=\"18\"><\/td>\n<td width=\"40\" height=\"18\">16:39<\/td>\n<td width=\"40\" height=\"18\">17:03<\/td>\n<td width=\"40\" height=\"18\">18:39<\/td>\n<\/tr>\n<tr>\n<td height=\"18\">L\u00fctzelsachsen<\/td>\n<td width=\"40\" height=\"18\">15:06<\/td>\n<td width=\"40\" height=\"18\"><\/td>\n<td width=\"40\" height=\"18\">16:42<\/td>\n<td width=\"40\" height=\"18\">17:06<\/td>\n<td width=\"40\" height=\"18\">18:42<\/td>\n<\/tr>\n<tr>\n<td height=\"18\">Weinheim Ank.<\/td>\n<td width=\"40\" height=\"18\">15:09<\/td>\n<td width=\"40\" height=\"18\"><\/td>\n<td width=\"40\" height=\"18\">16:45<\/td>\n<td width=\"40\" height=\"18\">17:09<\/td>\n<td width=\"40\" height=\"18\">18:45<\/td>\n<\/tr>\n<tr>\n<td height=\"18\">Weinheim Abf.<\/td>\n<td width=\"40\" height=\"18\">15:22<\/td>\n<td width=\"40\" height=\"18\"><\/td>\n<td width=\"40\" height=\"18\">16:52<\/td>\n<td width=\"40\" height=\"18\">17:22<\/td>\n<td width=\"40\" height=\"18\">18:52<\/td>\n<\/tr>\n<tr>\n<td height=\"18\">Birkenau<\/td>\n<td width=\"40\" height=\"18\">15:28<\/td>\n<td width=\"40\" height=\"18\"><\/td>\n<td width=\"40\" height=\"18\">16:58<\/td>\n<td width=\"40\" height=\"18\">17:28<\/td>\n<td width=\"40\" height=\"18\">18:58<\/td>\n<\/tr>\n<tr>\n<td height=\"18\"><\/td>\n<td width=\"40\" height=\"18\"><\/td>\n<td width=\"40\" height=\"18\"><\/td>\n<td width=\"40\" height=\"18\"><\/td>\n<td width=\"40\" height=\"18\"><\/td>\n<td width=\"40\" height=\"18\"><\/td>\n<\/tr>\n<tr>\n<td height=\"18\">F\u00fcrth<\/td>\n<td width=\"40\" height=\"18\">15:35<\/td>\n<td width=\"40\" height=\"18\">16:05<\/td>\n<td width=\"40\" height=\"18\">16:35<\/td>\n<td width=\"40\" height=\"18\">17:05<\/td>\n<td width=\"40\" height=\"18\">19:35<\/td>\n<\/tr>\n<tr>\n<td height=\"18\">Rimbach<\/td>\n<td height=\"18\">15:43<\/td>\n<td height=\"18\">16:13<\/td>\n<td height=\"18\">16:43<\/td>\n<td height=\"18\">17:13<\/td>\n<td height=\"18\">19:43<\/td>\n<\/tr>\n<tr>\n<td height=\"18\">M\u00f6rlenbach<\/td>\n<td height=\"18\">15:49<\/td>\n<td height=\"18\">16:19<\/td>\n<td height=\"18\">16:49<\/td>\n<td height=\"18\">17:19<\/td>\n<td height=\"18\">19:46<\/td>\n<\/tr>\n<tr>\n<td height=\"18\">Reisen<\/td>\n<td height=\"18\">15:53<\/td>\n<td height=\"18\">16:23<\/td>\n<td height=\"18\">16:53<\/td>\n<td height=\"18\">17:23<\/td>\n<td height=\"18\">19:53<\/td>\n<\/tr>\n<tr>\n<td height=\"18\">Birkenau<\/td>\n<td height=\"18\">15:56<\/td>\n<td height=\"18\">16:26<\/td>\n<td height=\"18\">16:56<\/td>\n<td height=\"18\">17:26<\/td>\n<td height=\"18\">19:56<\/td>\n<\/tr>\n<tr>\n<td height=\"18\"><\/td>\n<td height=\"18\"><\/td>\n<td height=\"18\"><\/td>\n<td height=\"18\"><\/td>\n<td height=\"18\"><\/td>\n<td height=\"18\"><\/td>\n<\/tr>\n<tr>\n<td height=\"18\"><strong>R\u00dcCKFAHRT<\/strong><\/td>\n<td height=\"18\"><\/td>\n<td height=\"18\"><\/td>\n<td height=\"18\"><\/td>\n<td height=\"18\"><\/td>\n<td height=\"18\"><\/td>\n<\/tr>\n<tr>\n<td height=\"18\">Birkenau Abf.<\/td>\n<td height=\"18\">17:59<\/td>\n<td height=\"18\">18:29<\/td>\n<td height=\"18\">18:59<\/td>\n<td height=\"18\">19:29<\/td>\n<td height=\"18\">19:59<\/td>\n<\/tr>\n<tr>\n<td height=\"18\">Weinheim Ank.<\/td>\n<td height=\"18\">18:05<\/td>\n<td height=\"18\">18:35<\/td>\n<td height=\"18\">19:05<\/td>\n<td height=\"18\">19:35<\/td>\n<td height=\"18\">20:05<\/td>\n<\/tr>\n<tr>\n<td height=\"18\"><\/td>\n<td height=\"18\"><\/td>\n<td height=\"18\"><\/td>\n<td height=\"18\"><\/td>\n<td height=\"18\"><\/td>\n<td height=\"18\"><\/td>\n<\/tr>\n<tr>\n<td height=\"18\">Birkenau Abf.<\/td>\n<td height=\"18\">17:58<\/td>\n<td height=\"18\">18:28<\/td>\n<td height=\"18\">18:58<\/td>\n<td height=\"18\"><\/td>\n<td height=\"18\">19:58<\/td>\n<\/tr>\n<tr>\n<td height=\"18\">M\u00f6rlenbach<\/td>\n<td height=\"18\">18:05<\/td>\n<td height=\"18\">18:35<\/td>\n<td height=\"18\">19:05<\/td>\n<td height=\"18\"><\/td>\n<td height=\"18\">20:05<\/td>\n<\/tr>\n<tr>\n<td height=\"18\">F\u00fcrth Ank.<\/td>\n<td height=\"18\">18:18<\/td>\n<td height=\"18\">18:48<\/td>\n<td height=\"18\">19:18<\/td>\n<td height=\"18\"><\/td>\n<td height=\"18\">20:18<\/td>\n<\/tr>\n<tr>\n<td height=\"18\"><\/td>\n<td height=\"18\"><\/td>\n<td height=\"18\"><\/td>\n<td height=\"18\"><\/td>\n<td height=\"18\"><\/td>\n<td height=\"18\"><\/td>\n<\/tr>\n<\/tbody>\n<\/table>\n<p><a href=\"http:\/\/efa9.vrn.de\/vrn\/XSLT_PS_REQUEST2?language=de\" target=\"_blank\">Oder stell Dir Deinen eigenen Fahrplan zusammen!<\/a><br \/>\n<img loading=\"lazy\" decoding=\"async\" src=\"http:\/\/w-jugend.tsv-birkenau.de\/wp-content\/upload\/linie.jpg\" alt=\"linie\" width=\"380\" height=\"30\" \/><\/p>\n<p><strong>DIE OEG BRINGT DICH BIS NACH WEINHEIM&#8230;<br \/>\n<\/strong>&#8230; danach geht es mit dem Zug weiter nach Birkenau!<\/p>\n<p>Vom Birkenauer Bahnhof sind es knapp 5 Minuten Fu\u00dfweg zur Halle.<\/p>\n<table width=\"400\" border=\"0\" cellspacing=\"0\" cellpadding=\"0\">\n<tbody>\n<tr>\n<td width=\"121\" height=\"18\"><strong>HINFAHRT<\/strong><\/td>\n<td width=\"40\" height=\"18\"><\/td>\n<td width=\"40\" height=\"18\"><\/td>\n<td width=\"40\" height=\"18\"><\/td>\n<td width=\"40\" height=\"18\"><\/td>\n<td width=\"40\" height=\"18\"><\/td>\n<\/tr>\n<tr>\n<td height=\"18\">Mannheim (Hbf.)<\/td>\n<td height=\"18\">15:08<\/td>\n<td height=\"18\">15:38<\/td>\n<td height=\"18\">16:08<\/td>\n<td height=\"18\">16:38<\/td>\n<td height=\"18\">18:58<\/td>\n<\/tr>\n<tr>\n<td height=\"18\">Viernheim<\/td>\n<td width=\"40\" height=\"18\">15:37<\/td>\n<td width=\"40\" height=\"18\">16:07<\/td>\n<td width=\"40\" height=\"18\">16:37<\/td>\n<td width=\"40\" height=\"18\">17:07<\/td>\n<td width=\"40\" height=\"18\">19:27<\/td>\n<\/tr>\n<tr>\n<td height=\"18\">Weinheim (Luisens.)<\/td>\n<td width=\"40\" height=\"18\">15:47<\/td>\n<td width=\"40\" height=\"18\">16:17<\/td>\n<td width=\"40\" height=\"18\">16:47<\/td>\n<td width=\"40\" height=\"18\">17:17<\/td>\n<td width=\"40\" height=\"18\">19:37<\/td>\n<\/tr>\n<tr>\n<td colspan=\"6\" height=\"18\">Fu\u00dfweg zum DB Bahnhof ca. 3min.<\/td>\n<\/tr>\n<tr>\n<td height=\"18\">Weinheim Abf.<\/td>\n<td height=\"18\">15:52<\/td>\n<td height=\"18\">16:22<\/td>\n<td height=\"18\">16:52<\/td>\n<td height=\"18\">17:22<\/td>\n<td height=\"18\">19:52<\/td>\n<\/tr>\n<tr>\n<td height=\"18\">Birkenau<\/td>\n<td height=\"18\">15:58<\/td>\n<td height=\"18\">16:28<\/td>\n<td height=\"18\">16:58<\/td>\n<td height=\"18\">17:28<\/td>\n<td height=\"18\">19:58<\/td>\n<\/tr>\n<tr>\n<td height=\"18\"><\/td>\n<td width=\"40\" height=\"18\"><\/td>\n<td width=\"40\" height=\"18\"><\/td>\n<td width=\"40\" height=\"18\"><\/td>\n<td width=\"40\" height=\"18\"><\/td>\n<td width=\"40\" height=\"18\"><\/td>\n<\/tr>\n<tr>\n<td height=\"18\">Dossenheim<\/td>\n<td width=\"40\" height=\"18\">15:07<\/td>\n<td width=\"40\" height=\"18\">15:47<\/td>\n<td width=\"40\" height=\"18\">16:07<\/td>\n<td width=\"40\" height=\"18\">16:47<\/td>\n<td width=\"40\" height=\"18\">19:07<\/td>\n<\/tr>\n<tr>\n<td height=\"18\">Schriesheim<\/td>\n<td width=\"40\" height=\"18\">15:20<\/td>\n<td width=\"40\" height=\"18\">16:00<\/td>\n<td width=\"40\" height=\"18\">16:20<\/td>\n<td width=\"40\" height=\"18\">17:00<\/td>\n<td width=\"40\" height=\"18\">19:20<\/td>\n<\/tr>\n<tr>\n<td height=\"18\">Leutershausen<\/td>\n<td width=\"40\" height=\"18\">15:24<\/td>\n<td width=\"40\" height=\"18\">16:04<\/td>\n<td width=\"40\" height=\"18\">16:24<\/td>\n<td width=\"40\" height=\"18\">17:04<\/td>\n<td width=\"40\" height=\"18\">19:24<\/td>\n<\/tr>\n<tr>\n<td height=\"18\">Gro\u00dfsachsen<\/td>\n<td height=\"18\">15:29<\/td>\n<td height=\"18\">16:09<\/td>\n<td height=\"18\">16:29<\/td>\n<td height=\"18\">17:09<\/td>\n<td height=\"18\">19:29<\/td>\n<\/tr>\n<tr>\n<td height=\"18\">L\u00fctzelsachsen<\/td>\n<td height=\"18\">15:31<\/td>\n<td height=\"18\">16:11<\/td>\n<td height=\"18\">16:31<\/td>\n<td height=\"18\">17:11<\/td>\n<td height=\"18\">19:31<\/td>\n<\/tr>\n<tr>\n<td height=\"18\">Weinheim (Luisens.)<\/td>\n<td height=\"18\">15:36<\/td>\n<td height=\"18\">16:16<\/td>\n<td height=\"18\">16:36<\/td>\n<td height=\"18\">17:16<\/td>\n<td height=\"18\">19:36<\/td>\n<\/tr>\n<tr>\n<td colspan=\"6\" height=\"18\">Fu\u00dfweg zum DB Bahnhof ca. 3min.<\/td>\n<\/tr>\n<tr>\n<td height=\"18\">Weinheim Abf.<\/td>\n<td height=\"18\">15:52<\/td>\n<td height=\"18\">16:22<\/td>\n<td height=\"18\">16:52<\/td>\n<td height=\"18\">17:22<\/td>\n<td height=\"18\">19:52<\/td>\n<\/tr>\n<tr>\n<td height=\"18\">Birkenau<\/td>\n<td height=\"18\">15:58<\/td>\n<td height=\"18\">16:28<\/td>\n<td height=\"18\">16:58<\/td>\n<td height=\"18\">17:28<\/td>\n<td height=\"18\">19:58<\/td>\n<\/tr>\n<tr>\n<td height=\"18\"><\/td>\n<td height=\"18\"><\/td>\n<td height=\"18\"><\/td>\n<td height=\"18\"><\/td>\n<td height=\"18\"><\/td>\n<td height=\"18\"><\/td>\n<\/tr>\n<tr>\n<td height=\"18\"><strong>R\u00dcCKFAHRT<\/strong><\/td>\n<td height=\"18\"><\/td>\n<td height=\"18\"><\/td>\n<td height=\"18\"><\/td>\n<td height=\"18\"><\/td>\n<td height=\"18\"><\/td>\n<\/tr>\n<tr>\n<td height=\"18\">Birkenau Abf.<\/td>\n<td height=\"18\">17:59<\/td>\n<td height=\"18\">18:29<\/td>\n<td height=\"18\">18:59<\/td>\n<td height=\"18\">19:29<\/td>\n<td height=\"18\">19:59<\/td>\n<\/tr>\n<tr>\n<td height=\"18\">Weinheim Ank.<\/td>\n<td height=\"18\">18:05<\/td>\n<td height=\"18\">18:35<\/td>\n<td height=\"18\">19:05<\/td>\n<td height=\"18\">19:35<\/td>\n<td height=\"18\">20:05<\/td>\n<\/tr>\n<tr>\n<td colspan=\"6\" height=\"18\">Fu\u00dfweg zur Luisenstra\u00dfe ca. 3min.<\/td>\n<\/tr>\n<tr>\n<td height=\"18\">Weinheim (Luisens.)<\/td>\n<td height=\"18\">18:08<\/td>\n<td height=\"18\">18:38<\/td>\n<td height=\"18\">19:08<\/td>\n<td height=\"18\">19:38<\/td>\n<td height=\"18\">20:16<\/td>\n<\/tr>\n<tr>\n<td height=\"18\">Viernheim<\/td>\n<td height=\"18\">18:18<\/td>\n<td height=\"18\">18:48<\/td>\n<td height=\"18\">19:18<\/td>\n<td height=\"18\">19:48<\/td>\n<td height=\"18\">20:26<\/td>\n<\/tr>\n<tr>\n<td height=\"18\">&gt; Mannheim (Hbf.)<\/td>\n<td height=\"18\">18:48<\/td>\n<td height=\"18\">19:08<\/td>\n<td height=\"18\">19:48<\/td>\n<td height=\"18\">20:08<\/td>\n<td height=\"18\">20:50<\/td>\n<\/tr>\n<tr>\n<td height=\"18\"><\/td>\n<td height=\"18\"><\/td>\n<td height=\"18\"><\/td>\n<td height=\"18\"><\/td>\n<td height=\"18\"><\/td>\n<td height=\"18\"><\/td>\n<\/tr>\n<tr>\n<td height=\"18\">Birkenau Abf.<\/td>\n<td height=\"18\">17:59<\/td>\n<td height=\"18\">18:29<\/td>\n<td height=\"18\">18:59<\/td>\n<td height=\"18\">19:29<\/td>\n<td height=\"18\">19:59<\/td>\n<\/tr>\n<tr>\n<td height=\"18\">Weinheim Ank.<\/td>\n<td height=\"18\">18:05<\/td>\n<td height=\"18\">18:35<\/td>\n<td height=\"18\">19:05<\/td>\n<td height=\"18\">19:35<\/td>\n<td height=\"18\">20:05<\/td>\n<\/tr>\n<tr>\n<td colspan=\"6\" height=\"18\">Fu\u00dfweg zur Luisenstra\u00dfe ca. 3min.<\/td>\n<\/tr>\n<tr>\n<td height=\"18\">Weinheim (Luisens.)<\/td>\n<td height=\"18\">18:18<\/td>\n<td height=\"18\">18:38<\/td>\n<td height=\"18\">19:18<\/td>\n<td height=\"18\">19:38<\/td>\n<td height=\"18\">20:08<\/td>\n<\/tr>\n<tr>\n<td height=\"18\">&gt; Heidelberg (Hbf.)<\/td>\n<td height=\"18\">19:06<\/td>\n<td height=\"18\">19:26<\/td>\n<td height=\"18\">20:02<\/td>\n<td height=\"18\">20:26<\/td>\n<td height=\"18\">21:00<\/td>\n<\/tr>\n<tr>\n<td height=\"18\"><\/td>\n<td height=\"18\"><\/td>\n<td height=\"18\"><\/td>\n<td height=\"18\"><\/td>\n<td height=\"18\"><\/td>\n<td height=\"18\"><\/td>\n<\/tr>\n<\/tbody>\n<\/table>\n<p><img loading=\"lazy\" decoding=\"async\" src=\"http:\/\/w-jugend.tsv-birkenau.de\/wp-content\/upload\/linie.jpg\" alt=\"linie\" width=\"380\" height=\"5\" \/><\/p>\n","protected":false},"excerpt":{"rendered":"<p>DER WEG MIT DEM AUTO ZUR LANGENBERGHALLE Von der A5 (zwischen Frankfurt und Heidelberg) an der Abfahrt &#8222;Weinheim&#8220; abfahren und in Richtung &#8222;F\u00fcrth (Odw.)&#8220; fahren. Nach Birkenau f\u00fchrt der schnellste Weg durch den Saukopftunnel. Direkt nach dem Tunnel die Abfahrt &#8222;Birkenau&#8220; nehmen und nach der gro\u00dfen Kurve an der Ampel links abbiegen. Der 60er- und&hellip;&nbsp;<a href=\"https:\/\/damenhandball.tsv-birkenau.de\/index.php\/info-service\/anfahrt\" rel=\"bookmark\">Weiterlesen &raquo;<span class=\"screen-reader-text\">Anfahrt<\/span><\/a><\/p>\n","protected":false},"author":1,"featured_media":0,"parent":3529,"menu_order":0,"comment_status":"closed","ping_status":"closed","template":"","meta":{"neve_meta_sidebar":"","neve_meta_container":"","neve_meta_enable_content_width":"","neve_meta_content_width":0,"neve_meta_title_alignment":"","neve_meta_author_avatar":"","neve_post_elements_order":"","neve_meta_disable_header":"","neve_meta_disable_footer":"","neve_meta_disable_title":"","ngg_post_thumbnail":0,"footnotes":""},"class_list":["post-1154","page","type-page","status-publish","hentry"],"_links":{"self":[{"href":"https:\/\/damenhandball.tsv-birkenau.de\/index.php\/wp-json\/wp\/v2\/pages\/1154","targetHints":{"allow":["GET"]}}],"collection":[{"href":"https:\/\/damenhandball.tsv-birkenau.de\/index.php\/wp-json\/wp\/v2\/pages"}],"about":[{"href":"https:\/\/damenhandball.tsv-birkenau.de\/index.php\/wp-json\/wp\/v2\/types\/page"}],"author":[{"embeddable":true,"href":"https:\/\/damenhandball.tsv-birkenau.de\/index.php\/wp-json\/wp\/v2\/users\/1"}],"replies":[{"embeddable":true,"href":"https:\/\/damenhandball.tsv-birkenau.de\/index.php\/wp-json\/wp\/v2\/comments?post=1154"}],"version-history":[{"count":11,"href":"https:\/\/damenhandball.tsv-birkenau.de\/index.php\/wp-json\/wp\/v2\/pages\/1154\/revisions"}],"predecessor-version":[{"id":41452,"href":"https:\/\/damenhandball.tsv-birkenau.de\/index.php\/wp-json\/wp\/v2\/pages\/1154\/revisions\/41452"}],"up":[{"embeddable":true,"href":"https:\/\/damenhandball.tsv-birkenau.de\/index.php\/wp-json\/wp\/v2\/pages\/3529"}],"wp:attachment":[{"href":"https:\/\/damenhandball.tsv-birkenau.de\/index.php\/wp-json\/wp\/v2\/media?parent=1154"}],"curies":[{"name":"wp","href":"https:\/\/api.w.org\/{rel}","templated":true}]}}